{"id":582,"date":"2018-09-01T18:26:37","date_gmt":"2018-09-01T16:26:37","guid":{"rendered":"https:\/\/anjacohen.nl\/?page_id=582"},"modified":"2019-04-01T20:47:03","modified_gmt":"2019-04-01T18:47:03","slug":"project-huis","status":"publish","type":"page","link":"https:\/\/anjacohen.nl\/nl_nl\/opdrachten\/project-huis\/","title":{"rendered":"project HUIS"},"content":{"rendered":"<section  class='av_textblock_section av-jljn2zm0-8ad69a5cac5b1554229325e83ea9093c '   itemscope=\"itemscope\" itemtype=\"https:\/\/schema.org\/CreativeWork\" ><div class='avia_textblock'  itemprop=\"text\" ><div class='stretch_full container_wrap alternate_color light_bg_color empty_title  title_container'><div class='container'><h1 class='main-title entry-title'><\/h1><\/div><\/div>\n<\/div><\/section>\n\n<style type=\"text\/css\" data-created_by=\"avia_inline_auto\" id=\"style-css-av-epzxa-46038864f1dd8ad3a410ebc719ee2ace\">\n.flex_column.av-epzxa-46038864f1dd8ad3a410ebc719ee2ace{\nborder-radius:0px 0px 0px 0px;\npadding:0px 0px 0px 0px;\n}\n<\/style>\n<div  class='flex_column av-epzxa-46038864f1dd8ad3a410ebc719ee2ace av_one_full  avia-builder-el-1  el_after_av_textblock  avia-builder-el-last  first flex_column_div av-zero-column-padding  column-top-margin'     ><p>\n<style type=\"text\/css\" data-created_by=\"avia_inline_auto\" id=\"style-css-av-av_heading-e1e20d316633568e5bc74cbf51f7e691\">\n#top .av-special-heading.av-av_heading-e1e20d316633568e5bc74cbf51f7e691{\npadding-bottom:10px;\n}\nbody .av-special-heading.av-av_heading-e1e20d316633568e5bc74cbf51f7e691 .av-special-heading-tag .heading-char{\nfont-size:25px;\n}\n.av-special-heading.av-av_heading-e1e20d316633568e5bc74cbf51f7e691 .av-subheading{\nfont-size:15px;\n}\n<\/style>\n<div  class='av-special-heading av-av_heading-e1e20d316633568e5bc74cbf51f7e691 av-special-heading-h2 blockquote modern-quote  avia-builder-el-2  el_before_av_hr  avia-builder-el-first '><h2 class='av-special-heading-tag '  itemprop=\"headline\"  >PROJECT HUIS<\/h2><div class=\"special-heading-border\"><div class=\"special-heading-inner-border\"><\/div><\/div><\/div><br \/>\n<div  class='hr av-8tc26-3fc299ad6ceb2798ade9dd09d24bde69 hr-default  avia-builder-el-3  el_after_av_heading  el_before_av_textblock '><span class='hr-inner '><span class=\"hr-inner-style\"><\/span><\/span><\/div><br \/>\n<section  class='av_textblock_section av-jlo25s4h-b09db43dc9fdf785d0429c95087f06b2 '   itemscope=\"itemscope\" itemtype=\"https:\/\/schema.org\/CreativeWork\" ><div class='avia_textblock'  itemprop=\"text\" ><p>Het project HUIS is ontstaan uit de vraag van de Apeldoornse wooncorporatie De Goede Woning aan\u00a0beeldend kunstenaar Francoise Braun: kun jij een kunstproject met en voor de bewoners van de wijk\u00a0Sprengendorp bedenken? Gaandeweg ontstond het idee van een verhalen-vertel-voorstelling toen\u00a0een veelheid aan mooie verhalen over het leven in het dorp boven water kwam.<\/p>\n<p>Sprengendorp is een uniek wijkje, het werd in 1923 gebouwd als \u00e9\u00e9n van de eerste sociale\u00a0woningbouw-projecten in Apeldoorn. In 1985 werd het de eerste Apeldoornse buurt die op de\u00a0monumentenlijst kwam. De gemiddelde leeftijd wordt steeds hoger; tijd om de verhalen van\u00a0Sprengendorp vast te leggen voor de toekomst, vond Francoise. Persoonlijke verhalen van de\u00a0bewoners, die een tijdsbeeld geven van het Apeldoorn van 1923 tot nu, maar ook een deel van de\u00a0wereldgeschiedenis in zich hebben.<img loading=\"lazy\" decoding=\"async\" class=\" wp-image-592 alignright\" src=\"https:\/\/anjacohen.nl\/wp-content\/uploads\/2018\/09\/sprengendorp.jpeg\" alt=\"\" width=\"460\" height=\"640\" srcset=\"https:\/\/anjacohen.nl\/wp-content\/uploads\/2018\/09\/sprengendorp.jpeg 1346w, https:\/\/anjacohen.nl\/wp-content\/uploads\/2018\/09\/sprengendorp-215x300.jpeg 215w, https:\/\/anjacohen.nl\/wp-content\/uploads\/2018\/09\/sprengendorp-768x1069.jpeg 768w, https:\/\/anjacohen.nl\/wp-content\/uploads\/2018\/09\/sprengendorp-740x1030.jpeg 740w, https:\/\/anjacohen.nl\/wp-content\/uploads\/2018\/09\/sprengendorp-1077x1500.jpeg 1077w, https:\/\/anjacohen.nl\/wp-content\/uploads\/2018\/09\/sprengendorp-506x705.jpeg 506w, https:\/\/anjacohen.nl\/wp-content\/uploads\/2018\/09\/sprengendorp-450x627.jpeg 450w\" sizes=\"auto, (max-width: 460px) 100vw, 460px\" \/><br \/>\nZo werden bewoners vertellers. Elf schrijvers uit Apeldoorn en omstreken hebben de bewoners\u00a0ge\u00efnterviewd om hun eigen verhaal op papier te zetten. Ik was \u00e9\u00e9n van die schrijvers en ik legde het verhaal vast van Mieke Wakkers \u2018het vrouwtje van de brand\u2019. Onder leiding van Marjolijn van den Berg, docent\u00a0theaterschrijven, zijn de interviews omgewerkt tot theaterteksten. Daarna konden de nieuwbakken\u00a0acteurs beginnen met repeteren.<br \/>\nGedurende twee weekenden in mei 2012 hebben deze acteurs, met hun eigen voortuin als podium, hun verhalen verteld aan het publiek: bewoners van Sprengendorp en mensen van buiten. Onderweg van het ene podium naar het andere, vertelde de gids, die de bezoekers voorging, een \u2018gidsverhaal\u2019. Ook de gidsverhalen waren ge\u00ebnt op herinneringen van de bewoners van Sprengendorp. Mijn gidsverhaal, over Club de Kooi <a href=\"https:\/\/anjacohen.nl\/wp-content\/uploads\/2019\/04\/Kom-kinderen.pdf\">Kom kinderen<\/a> gaat over een soort zondagsschool, die twee bewoners van de wijk\u00a0organiseerden. Met dank aan Frans en Erna, die voor mij hun herinneringen uit de kindertijd ophaalden.<\/p>\n<p>bron: <a href=\"https:\/\/www.kunstconstructie.nl\/nl\/werk\/community-art\/sprengendorp\">https:\/\/www.kunstconstructie.nl\/nl\/werk\/community-art\/sprengendorp<\/a><\/p>\n<\/div><\/section><\/p><\/div>\n","protected":false},"excerpt":{"rendered":"","protected":false},"author":1,"featured_media":592,"parent":33,"menu_order":0,"comment_status":"closed","ping_status":"closed","template":"","meta":{"footnotes":""},"class_list":["post-582","page","type-page","status-publish","has-post-thumbnail","hentry"],"yoast_head":"<!-- This site is optimized with the Yoast SEO plugin v27.3 - https:\/\/yoast.com\/product\/yoast-seo-wordpress\/ -->\n<title>project HUIS - anja cohen | foto&#039;s en teksten<\/title>\n<meta name=\"robots\" content=\"index, follow, max-snippet:-1, max-image-preview:large, max-video-preview:-1\" \/>\n<link rel=\"canonical\" href=\"https:\/\/anjacohen.nl\/nl_nl\/opdrachten\/project-huis\/\" \/>\n<meta property=\"og:locale\" content=\"nl_NL\" \/>\n<meta property=\"og:type\" content=\"article\" \/>\n<meta property=\"og:title\" content=\"project HUIS - anja cohen | foto&#039;s en teksten\" \/>\n<meta property=\"og:url\" content=\"https:\/\/anjacohen.nl\/nl_nl\/opdrachten\/project-huis\/\" \/>\n<meta property=\"og:site_name\" content=\"anja cohen | foto&#039;s en teksten\" \/>\n<meta property=\"article:publisher\" content=\"https:\/\/www.facebook.com\/anja.cohen.5\" \/>\n<meta property=\"article:modified_time\" content=\"2019-04-01T18:47:03+00:00\" \/>\n<meta property=\"og:image\" content=\"https:\/\/anjacohen.nl\/wp-content\/uploads\/2018\/09\/sprengendorp.jpeg\" \/>\n\t<meta property=\"og:image:width\" content=\"1346\" \/>\n\t<meta property=\"og:image:height\" content=\"1874\" \/>\n\t<meta property=\"og:image:type\" content=\"image\/jpeg\" \/>\n<meta name=\"twitter:card\" content=\"summary_large_image\" \/>\n<meta name=\"twitter:label1\" content=\"Geschatte leestijd\" \/>\n\t<meta name=\"twitter:data1\" content=\"3 minuten\" \/>\n<script type=\"application\/ld+json\" class=\"yoast-schema-graph\">{\"@context\":\"https:\\\/\\\/schema.org\",\"@graph\":[{\"@type\":\"WebPage\",\"@id\":\"https:\\\/\\\/anjacohen.nl\\\/en\\\/opdrachten\\\/project-huis\\\/\",\"url\":\"https:\\\/\\\/anjacohen.nl\\\/en\\\/opdrachten\\\/project-huis\\\/\",\"name\":\"project HUIS - anja cohen | foto&#039;s en teksten\",\"isPartOf\":{\"@id\":\"https:\\\/\\\/anjacohen.nl\\\/nl_nl\\\/#website\"},\"primaryImageOfPage\":{\"@id\":\"https:\\\/\\\/anjacohen.nl\\\/en\\\/opdrachten\\\/project-huis\\\/#primaryimage\"},\"image\":{\"@id\":\"https:\\\/\\\/anjacohen.nl\\\/en\\\/opdrachten\\\/project-huis\\\/#primaryimage\"},\"thumbnailUrl\":\"https:\\\/\\\/anjacohen.nl\\\/wp-content\\\/uploads\\\/2018\\\/09\\\/sprengendorp.jpeg\",\"datePublished\":\"2018-09-01T16:26:37+00:00\",\"dateModified\":\"2019-04-01T18:47:03+00:00\",\"breadcrumb\":{\"@id\":\"https:\\\/\\\/anjacohen.nl\\\/en\\\/opdrachten\\\/project-huis\\\/#breadcrumb\"},\"inLanguage\":\"nl-NL\",\"potentialAction\":[{\"@type\":\"ReadAction\",\"target\":[\"https:\\\/\\\/anjacohen.nl\\\/en\\\/opdrachten\\\/project-huis\\\/\"]}]},{\"@type\":\"ImageObject\",\"inLanguage\":\"nl-NL\",\"@id\":\"https:\\\/\\\/anjacohen.nl\\\/en\\\/opdrachten\\\/project-huis\\\/#primaryimage\",\"url\":\"https:\\\/\\\/anjacohen.nl\\\/wp-content\\\/uploads\\\/2018\\\/09\\\/sprengendorp.jpeg\",\"contentUrl\":\"https:\\\/\\\/anjacohen.nl\\\/wp-content\\\/uploads\\\/2018\\\/09\\\/sprengendorp.jpeg\",\"width\":1346,\"height\":1874},{\"@type\":\"BreadcrumbList\",\"@id\":\"https:\\\/\\\/anjacohen.nl\\\/en\\\/opdrachten\\\/project-huis\\\/#breadcrumb\",\"itemListElement\":[{\"@type\":\"ListItem\",\"position\":1,\"name\":\"Home\",\"item\":\"https:\\\/\\\/anjacohen.nl\\\/home\\\/\"},{\"@type\":\"ListItem\",\"position\":2,\"name\":\"werk in opdracht\",\"item\":\"https:\\\/\\\/anjacohen.nl\\\/en\\\/opdrachten\\\/\"},{\"@type\":\"ListItem\",\"position\":3,\"name\":\"project HUIS\"}]},{\"@type\":\"WebSite\",\"@id\":\"https:\\\/\\\/anjacohen.nl\\\/nl_nl\\\/#website\",\"url\":\"https:\\\/\\\/anjacohen.nl\\\/nl_nl\\\/\",\"name\":\"anja cohen | foto's en teksten\",\"description\":\"AnjaCohen.nl\",\"publisher\":{\"@id\":\"https:\\\/\\\/anjacohen.nl\\\/nl_nl\\\/#organization\"},\"potentialAction\":[{\"@type\":\"SearchAction\",\"target\":{\"@type\":\"EntryPoint\",\"urlTemplate\":\"https:\\\/\\\/anjacohen.nl\\\/nl_nl\\\/?s={search_term_string}\"},\"query-input\":{\"@type\":\"PropertyValueSpecification\",\"valueRequired\":true,\"valueName\":\"search_term_string\"}}],\"inLanguage\":\"nl-NL\"},{\"@type\":\"Organization\",\"@id\":\"https:\\\/\\\/anjacohen.nl\\\/nl_nl\\\/#organization\",\"name\":\"anja cohen | foto's en teksten\",\"url\":\"https:\\\/\\\/anjacohen.nl\\\/nl_nl\\\/\",\"logo\":{\"@type\":\"ImageObject\",\"inLanguage\":\"nl-NL\",\"@id\":\"https:\\\/\\\/anjacohen.nl\\\/nl_nl\\\/#\\\/schema\\\/logo\\\/image\\\/\",\"url\":\"https:\\\/\\\/anjacohen.nl\\\/wp-content\\\/uploads\\\/2018\\\/08\\\/viaduct-b1-jpeg-kopie-300dpi-1200H.jpg\",\"contentUrl\":\"https:\\\/\\\/anjacohen.nl\\\/wp-content\\\/uploads\\\/2018\\\/08\\\/viaduct-b1-jpeg-kopie-300dpi-1200H.jpg\",\"width\":818,\"height\":1200,\"caption\":\"anja cohen | foto's en teksten\"},\"image\":{\"@id\":\"https:\\\/\\\/anjacohen.nl\\\/nl_nl\\\/#\\\/schema\\\/logo\\\/image\\\/\"},\"sameAs\":[\"https:\\\/\\\/www.facebook.com\\\/anja.cohen.5\",\"https:\\\/\\\/www.instagram.com\\\/anjacohenphotography\\\/\",\"https:\\\/\\\/www.linkedin.com\\\/in\\\/anja-cohen-b0299011\\\/\"]}]}<\/script>\n<!-- \/ Yoast SEO plugin. -->","yoast_head_json":{"title":"project HUIS - anja cohen | foto&#039;s en teksten","robots":{"index":"index","follow":"follow","max-snippet":"max-snippet:-1","max-image-preview":"max-image-preview:large","max-video-preview":"max-video-preview:-1"},"canonical":"https:\/\/anjacohen.nl\/nl_nl\/opdrachten\/project-huis\/","og_locale":"nl_NL","og_type":"article","og_title":"project HUIS - anja cohen | foto&#039;s en teksten","og_url":"https:\/\/anjacohen.nl\/nl_nl\/opdrachten\/project-huis\/","og_site_name":"anja cohen | foto&#039;s en teksten","article_publisher":"https:\/\/www.facebook.com\/anja.cohen.5","article_modified_time":"2019-04-01T18:47:03+00:00","og_image":[{"width":1346,"height":1874,"url":"https:\/\/anjacohen.nl\/wp-content\/uploads\/2018\/09\/sprengendorp.jpeg","type":"image\/jpeg"}],"twitter_card":"summary_large_image","twitter_misc":{"Geschatte leestijd":"3 minuten"},"schema":{"@context":"https:\/\/schema.org","@graph":[{"@type":"WebPage","@id":"https:\/\/anjacohen.nl\/en\/opdrachten\/project-huis\/","url":"https:\/\/anjacohen.nl\/en\/opdrachten\/project-huis\/","name":"project HUIS - anja cohen | foto&#039;s en teksten","isPartOf":{"@id":"https:\/\/anjacohen.nl\/nl_nl\/#website"},"primaryImageOfPage":{"@id":"https:\/\/anjacohen.nl\/en\/opdrachten\/project-huis\/#primaryimage"},"image":{"@id":"https:\/\/anjacohen.nl\/en\/opdrachten\/project-huis\/#primaryimage"},"thumbnailUrl":"https:\/\/anjacohen.nl\/wp-content\/uploads\/2018\/09\/sprengendorp.jpeg","datePublished":"2018-09-01T16:26:37+00:00","dateModified":"2019-04-01T18:47:03+00:00","breadcrumb":{"@id":"https:\/\/anjacohen.nl\/en\/opdrachten\/project-huis\/#breadcrumb"},"inLanguage":"nl-NL","potentialAction":[{"@type":"ReadAction","target":["https:\/\/anjacohen.nl\/en\/opdrachten\/project-huis\/"]}]},{"@type":"ImageObject","inLanguage":"nl-NL","@id":"https:\/\/anjacohen.nl\/en\/opdrachten\/project-huis\/#primaryimage","url":"https:\/\/anjacohen.nl\/wp-content\/uploads\/2018\/09\/sprengendorp.jpeg","contentUrl":"https:\/\/anjacohen.nl\/wp-content\/uploads\/2018\/09\/sprengendorp.jpeg","width":1346,"height":1874},{"@type":"BreadcrumbList","@id":"https:\/\/anjacohen.nl\/en\/opdrachten\/project-huis\/#breadcrumb","itemListElement":[{"@type":"ListItem","position":1,"name":"Home","item":"https:\/\/anjacohen.nl\/home\/"},{"@type":"ListItem","position":2,"name":"werk in opdracht","item":"https:\/\/anjacohen.nl\/en\/opdrachten\/"},{"@type":"ListItem","position":3,"name":"project HUIS"}]},{"@type":"WebSite","@id":"https:\/\/anjacohen.nl\/nl_nl\/#website","url":"https:\/\/anjacohen.nl\/nl_nl\/","name":"anja cohen | foto's en teksten","description":"AnjaCohen.nl","publisher":{"@id":"https:\/\/anjacohen.nl\/nl_nl\/#organization"},"potentialAction":[{"@type":"SearchAction","target":{"@type":"EntryPoint","urlTemplate":"https:\/\/anjacohen.nl\/nl_nl\/?s={search_term_string}"},"query-input":{"@type":"PropertyValueSpecification","valueRequired":true,"valueName":"search_term_string"}}],"inLanguage":"nl-NL"},{"@type":"Organization","@id":"https:\/\/anjacohen.nl\/nl_nl\/#organization","name":"anja cohen | foto's en teksten","url":"https:\/\/anjacohen.nl\/nl_nl\/","logo":{"@type":"ImageObject","inLanguage":"nl-NL","@id":"https:\/\/anjacohen.nl\/nl_nl\/#\/schema\/logo\/image\/","url":"https:\/\/anjacohen.nl\/wp-content\/uploads\/2018\/08\/viaduct-b1-jpeg-kopie-300dpi-1200H.jpg","contentUrl":"https:\/\/anjacohen.nl\/wp-content\/uploads\/2018\/08\/viaduct-b1-jpeg-kopie-300dpi-1200H.jpg","width":818,"height":1200,"caption":"anja cohen | foto's en teksten"},"image":{"@id":"https:\/\/anjacohen.nl\/nl_nl\/#\/schema\/logo\/image\/"},"sameAs":["https:\/\/www.facebook.com\/anja.cohen.5","https:\/\/www.instagram.com\/anjacohenphotography\/","https:\/\/www.linkedin.com\/in\/anja-cohen-b0299011\/"]}]}},"_links":{"self":[{"href":"https:\/\/anjacohen.nl\/nl_nl\/wp-json\/wp\/v2\/pages\/582","targetHints":{"allow":["GET"]}}],"collection":[{"href":"https:\/\/anjacohen.nl\/nl_nl\/wp-json\/wp\/v2\/pages"}],"about":[{"href":"https:\/\/anjacohen.nl\/nl_nl\/wp-json\/wp\/v2\/types\/page"}],"author":[{"embeddable":true,"href":"https:\/\/anjacohen.nl\/nl_nl\/wp-json\/wp\/v2\/users\/1"}],"replies":[{"embeddable":true,"href":"https:\/\/anjacohen.nl\/nl_nl\/wp-json\/wp\/v2\/comments?post=582"}],"version-history":[{"count":18,"href":"https:\/\/anjacohen.nl\/nl_nl\/wp-json\/wp\/v2\/pages\/582\/revisions"}],"predecessor-version":[{"id":1387,"href":"https:\/\/anjacohen.nl\/nl_nl\/wp-json\/wp\/v2\/pages\/582\/revisions\/1387"}],"up":[{"embeddable":true,"href":"https:\/\/anjacohen.nl\/nl_nl\/wp-json\/wp\/v2\/pages\/33"}],"wp:featuredmedia":[{"embeddable":true,"href":"https:\/\/anjacohen.nl\/nl_nl\/wp-json\/wp\/v2\/media\/592"}],"wp:attachment":[{"href":"https:\/\/anjacohen.nl\/nl_nl\/wp-json\/wp\/v2\/media?parent=582"}],"curies":[{"name":"wp","href":"https:\/\/api.w.org\/{rel}","templated":true}]}}