{"id":1094,"date":"2018-10-31T15:02:22","date_gmt":"2018-10-31T13:02:22","guid":{"rendered":"https:\/\/anjacohen.nl\/?page_id=1094"},"modified":"2018-10-31T15:02:50","modified_gmt":"2018-10-31T13:02:50","slug":"winterreise-tekst-2","status":"publish","type":"page","link":"https:\/\/anjacohen.nl\/en\/winterreise-tekst-2\/","title":{"rendered":"Winterreise &#8211; tekst."},"content":{"rendered":"<p><strong>\u00a0<\/strong><\/p>\n<h2>Schubert\u2019s Winterreise<\/h2>\n<h3>Wilhelm M\u00fcller<\/h3>\n<p><strong>\u00a0<\/strong><\/p>\n<p><strong>\u00a0<\/strong><\/p>\n<p><strong>1 &#8211; Gute Nacht<\/strong><\/p>\n<p><strong>\u00a0<\/strong><\/p>\n<p>Fremd bin ich eingezogen,<br \/>\nFremd zieh&#8217; ich wieder aus.<br \/>\nDer Mai war mir gewogen<br \/>\nMit manchem Blumenstrau\u00df.<br \/>\nDas M\u00e4dchen sprach von Liebe,<br \/>\nDie Mutter gar von Eh&#8217;, &#8211;<br \/>\nNun ist die Welt so tr\u00fcbe,<br \/>\nDer Weg geh\u00fcllt in Schnee.<\/p>\n<p>Ich kann zu meiner Reisen<br \/>\nNicht w\u00e4hlen mit der Zeit,<br \/>\nMu\u00df selbst den Weg mir weisen<br \/>\nIn dieser Dunkelheit.<br \/>\nEs zieht ein Mondenschatten<br \/>\nAls mein Gef\u00e4hrte mit,<br \/>\nUnd auf den wei\u00dfen Matten<br \/>\nSuch&#8217; ich des Wildes Tritt.<\/p>\n<p>Was soll ich l\u00e4nger weilen,<br \/>\nDa\u00df man mich trieb hinaus ?<br \/>\nLa\u00df irre Hunde heulen<br \/>\nVor ihres Herren Haus;<br \/>\nDie Liebe liebt das Wandern &#8211;<br \/>\nGott hat sie so gemacht &#8211;<br \/>\nVon einem zu dem andern.<br \/>\nFein Liebchen, gute Nacht !<\/p>\n<p>Will dich im Traum nicht st\u00f6ren,<br \/>\nW\u00e4r schad&#8217; um deine Ruh&#8217;.<br \/>\nSollst meinen Tritt nicht h\u00f6ren &#8211;<br \/>\nSacht, sacht die T\u00fcre zu !<br \/>\nSchreib im Vor\u00fcbergehen<br \/>\nAns Tor dir: Gute Nacht,<br \/>\nDamit du m\u00f6gest sehen,<br \/>\nAn dich hab&#8217; ich gedacht.<\/p>\n<p>&nbsp;<\/p>\n<p><strong>2- Die Wetterfahne<\/strong><\/p>\n<p>&nbsp;<\/p>\n<p>Der Wind spielt mit der Wetterfahne<br \/>\nAuf meines sch\u00f6nen Liebchens Haus.<br \/>\nDa dacht&#8217; ich schon in meinem Wahne,<br \/>\nSie pfiff den armen Fl\u00fcchtling aus.<\/p>\n<p>Er h\u00e4tt&#8217; es eher bemerken sollen,<br \/>\nDes Hauses aufgestecktes Schild,<br \/>\nSo h\u00e4tt&#8217; er nimmer suchen wollen<br \/>\nIm Haus ein treues Frauenbild.<\/p>\n<p>Der Wind spielt drinnen mit den Herzen<br \/>\nWie auf dem Dach, nur nicht so laut.<br \/>\nWas fragen sie nach meinen Schmerzen ?<br \/>\nIhr Kind ist eine reiche Braut.<\/p>\n<p>&nbsp;<\/p>\n<p><strong>3 &#8211; Gefror&#8217;ne Tr\u00e4nen<\/strong><\/p>\n<p>&nbsp;<\/p>\n<p>Gefrorne Tropfen fallen<br \/>\nVon meinen Wangen ab:<br \/>\nOb es mir denn entgangen,<br \/>\nDa\u00df ich geweinet hab&#8217; ?<\/p>\n<p>Ei Tr\u00e4nen, meine Tr\u00e4nen,<br \/>\nUnd seid ihr gar so lau,<br \/>\nDa\u00df ihr erstarrt zu Eise<br \/>\nWie k\u00fchler Morgentau ?<\/p>\n<p>Und dringt doch aus der Quelle<br \/>\nDer Brust so gl\u00fchend hei\u00df,<br \/>\nAls wolltet ihr zerschmelzen<br \/>\nDes ganzen Winters Eis !<\/p>\n<p>&nbsp;<\/p>\n<p><strong>4 &#8211; Erstarrung<\/strong><\/p>\n<p>&nbsp;<\/p>\n<p>Ich such&#8217; im Schnee vergebens<br \/>\nNach ihrer Tritte Spur,<br \/>\nWo sie an meinem Arme<br \/>\nDurchstrich die gr\u00fcne Flur.<\/p>\n<p>Ich will den Boden k\u00fcssen,<br \/>\nDurchdringen Eis und Schnee<br \/>\nMit meinen hei\u00dfen Tr\u00e4nen,<br \/>\nBis ich die Erde seh&#8217;.<\/p>\n<p>Wo find&#8217; ich eine Bl\u00fcte,<br \/>\nWo find&#8217; ich gr\u00fcnes Gras ?<br \/>\nDie Blumen sind erstorben,<br \/>\nDer Rasen sieht so bla\u00df.<\/p>\n<p>Soll denn kein Angedenken<br \/>\nIch nehmen mit von hier ?<br \/>\nWenn meine Schmerzen schweigen,<br \/>\nWer sagt mir dann von ihr ?<\/p>\n<p>Mein Herz ist wie erstorben,<br \/>\nKalt starrt ihr Bild darin;<br \/>\nSchmilzt je das Herz mir wieder,<br \/>\nFlie\u00dft auch ihr Bild dahin !<\/p>\n<p><strong>\u00a0<\/strong><\/p>\n<p><strong>5 &#8211; Der Lindenbaum<\/strong><\/p>\n<p>&nbsp;<\/p>\n<p>Am Brunnen vor dem Tore<br \/>\nDa steht ein Lindenbaum;<br \/>\nIch tr\u00e4umt&#8217; in seinem Schatten<br \/>\nSo manchen s\u00fc\u00dfen Traum.<\/p>\n<p>Ich schnitt in seine Rinde<br \/>\nSo manches liebe Wort;<br \/>\nEs zog in Freud&#8217; und Leide<br \/>\nZu ihm mich immer fort.<\/p>\n<p>Ich mu\u00dft&#8217; auch heute wandern<br \/>\nVorbei in tiefer Nacht,<br \/>\nDa hab&#8217; ich noch im Dunkeln<br \/>\nDie Augen zugemacht.<\/p>\n<p>Und seine Zweige rauschten,<br \/>\nAls riefen sie mir zu:<br \/>\nKomm her zu mir, Geselle,<br \/>\nHier find&#8217;st du deine Ruh&#8217; !<\/p>\n<p>Die kalten Winde bliesen<br \/>\nMir grad&#8217; ins Angesicht;<br \/>\nDer Hut flog mir vom Kopfe,<br \/>\nIch wendete mich nicht.<\/p>\n<p>Nun bin ich manche Stunde<br \/>\nEntfernt von jenem Ort,<br \/>\nUnd immer h\u00f6r&#8217; ich&#8217;s rauschen:<br \/>\nDu f\u00e4ndest Ruhe dort !<\/p>\n<p><strong>\u00a0<\/strong><\/p>\n<p><strong>6 &#8211; Wasserflut<\/strong><\/p>\n<p>&nbsp;<\/p>\n<p>Manche Tr\u00e4n&#8217; aus meinen Augen<br \/>\nIst gefallen in den Schnee;<br \/>\nSeine kalten Flocken saugen<br \/>\nDurstig ein das hei\u00dfe Weh.<\/p>\n<p>Wenn die Gr\u00e4ser sprossen wollen<br \/>\nWeht daher ein lauer Wind,<br \/>\nUnd das Eis zerspringt in Schollen<br \/>\nUnd der weiche Schnee zerrinnt.<\/p>\n<p>Schnee, du wei\u00dft von meinem Sehnen,<br \/>\nSag&#8217;, wohin doch geht dein Lauf ?<br \/>\nFolge nach nur meinen Tr\u00e4nen,<br \/>\nNimmt dich bald das B\u00e4chlein auf.<\/p>\n<p>Wirst mit ihm die Stadt durchziehen,<br \/>\nMuntre Stra\u00dfen ein und aus;<br \/>\nF\u00fchlst du meine Tr\u00e4nen gl\u00fchen,<br \/>\nDa ist meiner Liebsten Haus.<\/p>\n<p><strong>\u00a0<\/strong><\/p>\n<p><strong>7 &#8211; Auf dem Flu\u00dfe<\/strong><\/p>\n<p>&nbsp;<\/p>\n<p>Der du so lustig rauschtest,<br \/>\nDu heller, wilder Flu\u00df,<br \/>\nWie still bist du geworden,<br \/>\nGibst keinen Scheidegru\u00df.<\/p>\n<p>Mit harter, starrer Rinde<br \/>\nHast du dich \u00fcberdeckt,<br \/>\nLiegst kalt und unbeweglich<br \/>\nIm Sande ausgestreckt.<\/p>\n<p>In deine Decke grab&#8217; ich<br \/>\nMit einem spitzen Stein<br \/>\nDen Namen meiner Liebsten<br \/>\nUnd Stund&#8217; und Tag hinein:<\/p>\n<p>Den Tag des ersten Gru\u00dfes,<br \/>\nDen Tag, an dem ich ging;<br \/>\nUm Nam&#8217; und Zahlen windet<br \/>\nSich ein zerbroch&#8217;ner Ring.<\/p>\n<p>Mein Herz, in diesem Bache<br \/>\nErkennst du nun dein Bild ?<br \/>\nOb&#8217;s unter seiner Rinde<br \/>\nWohl auch so rei\u00dfend schwillt ?<\/p>\n<p><strong>\u00a0<\/strong><\/p>\n<p><strong>8 &#8211; R\u00fcckblick<\/strong><\/p>\n<p>&nbsp;<\/p>\n<p>Es brennt mir unter beiden Sohlen,<br \/>\nTret&#8217; ich auch schon auf Eis und Schnee,<br \/>\nIch m\u00f6cht&#8217; nicht wieder Atem holen,<br \/>\nBis ich nicht mehr die T\u00fcrme seh&#8217;.<\/p>\n<p>Hab&#8217; mich an jedem Stein gesto\u00dfen,<br \/>\nSo eilt&#8217; ich zu der Stadt hinaus;<br \/>\nDie Kr\u00e4hen warfen B\u00e4ll&#8217; und Schlo\u00dfen<br \/>\nAuf meinen Hut von jedem Haus.<\/p>\n<p>Wie anders hast du mich empfangen,<br \/>\nDu Stadt der Unbest\u00e4ndigkeit !<br \/>\nAn deinen blanken Fenstern sangen<br \/>\nDie Lerch&#8217; und Nachtigall im Streit.<\/p>\n<p>Die runden Lindenb\u00e4ume bl\u00fchten,<br \/>\nDie klaren Rinnen rauschten hell,<br \/>\nUnd ach, zwei M\u00e4dchenaugen gl\u00fchten.<br \/>\nDa war&#8217;s gescheh&#8217;n um dich, Gesell !<\/p>\n<p>Kommt mir der Tag in die gedanken,<br \/>\nM\u00f6cht&#8217; ich noch einmal r\u00fcckw\u00e4rts seh&#8217;n.<br \/>\nM\u00f6cht&#8217; ich zur\u00fccke wieder wanken,<br \/>\nVor ihrem Hause stille steh&#8217;n.<\/p>\n<p><strong>\u00a0<\/strong><\/p>\n<p><strong>9 &#8211; Irrlicht<\/strong><\/p>\n<p>&nbsp;<\/p>\n<p>In die tiefsten Felsengr\u00fcnde<br \/>\nLockte mich ein Irrlicht hin;<br \/>\nWie ich einen Ausgang finde,<br \/>\nLiegt nicht schwer mir in dem Sinn.<\/p>\n<p>Bin gewohnt das Irregehen,<br \/>\n&#8217;s f\u00fchrt ja jeder Weg zum Ziel;<br \/>\nUns&#8217;re Freuden, uns&#8217;re Wehen,<br \/>\nAlles eines Irrlichts Spiel !<\/p>\n<p>Durch des Bergstroms trockne Rinnen<br \/>\nWind&#8217; ich ruhig mich hinab,<br \/>\nJeder Strom wird&#8217;s Meer gewinnen,<br \/>\nJedes Leiden auch sein Grab.<\/p>\n<p><strong>\u00a0<\/strong><\/p>\n<p><strong>10 &#8211; Rast<\/strong><\/p>\n<p>&nbsp;<\/p>\n<p>Nun merk&#8217; ich erst wie m\u00fcd&#8217; ich bin,<br \/>\nDa ich zur Ruh&#8217; mich lege;<br \/>\nDas Wandern hielt mich munter hin<br \/>\nAuf unwirtbarem Wege.<\/p>\n<p>Die F\u00fc\u00dfe frugen nicht nach Rast,<br \/>\nEs war zu kalt zum Stehen;<br \/>\nDer R\u00fccken f\u00fchlte keine Last,<br \/>\nDer Sturm half fort mich wehen.<\/p>\n<p>In eines K\u00f6hlers engem Haus<br \/>\nHab&#8217; Obdach ich gefunden.<br \/>\nDoch meine Glieder ruh&#8217;n nicht aus:<br \/>\nSo brennen ihre Wunden.<\/p>\n<p>Auch du, mein Herz, in Kampf und Sturm<br \/>\nSo wild und so verwegen,<br \/>\nF\u00fchlst in der Still&#8217; erst deinen Wurm<br \/>\nMit hei\u00dfem Stich sich regen !<\/p>\n<p><strong>\u00a0<\/strong><\/p>\n<p><strong>11 &#8211; Fr\u00fchlingstraum<\/strong><\/p>\n<p>&nbsp;<\/p>\n<p>Ich tr\u00e4umte von bunten Blumen,<br \/>\nSo wie sie wohl bl\u00fchen im Mai;<br \/>\nIch tr\u00e4umte von gr\u00fcnen Wiesen,<br \/>\nVon lustigem Vogelgeschrei.<\/p>\n<p>Und als die H\u00e4hne kr\u00e4hten,<br \/>\nDa ward mein Auge wach;<br \/>\nDa war es kalt und finster,<br \/>\nEs schrien die Raben vom Dach.<\/p>\n<p>Doch an den Fensterscheiben,<br \/>\nWer malte die Bl\u00e4tter da ?<br \/>\nIhr lacht wohl \u00fcber den Tr\u00e4umer,<br \/>\nDer Blumen im Winter sah ?<\/p>\n<p>Ich tr\u00e4umte von Lieb um Liebe,<br \/>\nVon einer sch\u00f6nen Maid,<br \/>\nVon Herzen und von K\u00fcssen,<br \/>\nVon Wonne und Seligkeit.<\/p>\n<p>Und als die H\u00e4hne kr\u00e4hten,<br \/>\nDa ward mein Herze wach;<br \/>\nNun sitz&#8217; ich hier alleine<br \/>\nUnd denke dem Traume nach.<\/p>\n<p>Die Augen schlie\u00df&#8217; ich wieder,<br \/>\nNoch schl\u00e4gt das herz so warm.<br \/>\nWann gr\u00fcnt ihr Bl\u00e4tter am Fenster ?<br \/>\nWann halt&#8217; ich mein Liebchen im Arm ?<\/p>\n<p><strong>\u00a0<\/strong><\/p>\n<p><strong>12 &#8211; Einsamkeit<\/strong><\/p>\n<p>&nbsp;<\/p>\n<p>Wie eine tr\u00fcbe Wolke<br \/>\nDurch heit&#8217;re L\u00fcfte geht,<br \/>\nWenn in der Tanne Wipfel<br \/>\nEin mattes L\u00fcftchen weht:<\/p>\n<p>So zieh ich meine Stra\u00dfe<br \/>\nDahin mit tr\u00e4gem Fu\u00df,<br \/>\nDurch helles, frohes Leben<br \/>\nEinsam und ohne Gru\u00df.<\/p>\n<p>Ach, da\u00df die Luft so ruhig !<br \/>\nAch, da\u00df die Welt so licht !<br \/>\nAls noch die St\u00fcrme tobten,<br \/>\nWar ich so elend nicht.<\/p>\n<p><strong>\u00a0<\/strong><\/p>\n<p><strong>13 &#8211; Die Post<\/strong><\/p>\n<p>&nbsp;<\/p>\n<p>Von der Stra\u00dfe her ein Posthorn klingt.<br \/>\nWas hat es, da\u00df es so hoch aufspringt,<br \/>\nMein Herz ?<\/p>\n<p>Die Post bringt keinen Brief f\u00fcr dich.<br \/>\nWas dr\u00e4ngst du denn so wunderlich,<br \/>\nMein Herz ?<\/p>\n<p>Nun ja, die Post kommt aus der Stadt,<br \/>\nWo ich ein liebes Liebchen hat,<br \/>\nMein Herz !<\/p>\n<p>Willst wohl einmal hin\u00fcberseh&#8217;n<br \/>\nUnd fragen, wie es dort mag geh&#8217;n,<br \/>\nMein Herz ?<\/p>\n<p><strong>\u00a0<\/strong><\/p>\n<p><strong>14 &#8211; Der greise Kopf<\/strong><\/p>\n<p>&nbsp;<\/p>\n<p>Der Reif hatt&#8217; einen wei\u00dfen Schein<br \/>\nMir \u00fcbers Haar gestreuet;<br \/>\nDa glaubt&#8217; ich schon ein Greis zu sein<br \/>\nUnd hab&#8217; mich sehr gefreuet.<\/p>\n<p>Doch bald ist er hinweggetaut,<br \/>\nHab&#8217; wieder schwarze Haare,<br \/>\nDa\u00df mir&#8217;s vor meiner Jugend graut &#8211;<br \/>\nWie weit noch bis zur Bahre !<\/p>\n<p>Vom Abendrot zum Morgenlicht<br \/>\nWard mancher Kopf zum Greise.<br \/>\nWer glaubt&#8217;s ? und meiner ward es nicht<br \/>\nAuf dieser ganzen Reise !<\/p>\n<p><strong>\u00a0<\/strong><\/p>\n<p><strong>15 &#8211; Die Kr\u00e4he<\/strong><\/p>\n<p>&nbsp;<\/p>\n<p>Eine Kr\u00e4he war mit mir<br \/>\nAus der Stadt gezogen,<br \/>\nIst bis heute f\u00fcr und f\u00fcr<br \/>\nUm mein Haupt geflogen.<\/p>\n<p>Kr\u00e4he, wunderliches Tier,<br \/>\nWillst mich nicht verlassen ?<br \/>\nMeinst wohl, bald als Beute hier<br \/>\nMeinen Leib zu fassen ?<\/p>\n<p>Nun, es wird nicht weit mehr geh&#8217;n<br \/>\nAn dem Wanderstabe.<br \/>\nKr\u00e4he, la\u00df mich endlich seh&#8217;n<br \/>\nTreue bis zum Grabe !<\/p>\n<p><strong>\u00a0<\/strong><\/p>\n<p><strong>16 &#8211; Letzte Hoffnung<\/strong><\/p>\n<p>&nbsp;<\/p>\n<p>Hier und da ist an den B\u00e4umen<br \/>\nManches bunte Blatt zu seh&#8217;n,<br \/>\nUnd ich bleibe vor den B\u00e4umen<br \/>\nOftmals in Gedanken steh&#8217;n.<\/p>\n<p>Schaue nach dem einen Blatte,<br \/>\nH\u00e4nge meine Hoffnung dran;<br \/>\nSpielt der Wind mit meinem Blatte,<br \/>\nZittr&#8217; ich, was ich zittern kann.<\/p>\n<p>Ach, und f\u00e4llt das Blatt zu Boden,<br \/>\nF\u00e4llt mit ihm die Hoffnung ab;<br \/>\nFall&#8217; ich selber mit zu Boden,<br \/>\nWein&#8217; auf meiner Hoffnung Grab.<\/p>\n<p><strong>\u00a0<\/strong><\/p>\n<p><strong>17 &#8211; Im Dorfe<\/strong><\/p>\n<p>&nbsp;<\/p>\n<p>Es bellen die Hunde, es rasseln die Ketten;<br \/>\nEs schlafen die Menschen in ihren Betten,<br \/>\nTr\u00e4umen sich manches, was sie nicht haben,<br \/>\nTun sich im Guten und Argen erlaben;<\/p>\n<p>Und morgen fr\u00fch ist alles zerflossen.<br \/>\nJe nun, sie haben ihr Teil genossen<br \/>\nUnd hoffen, was sie noch \u00fcbrig lie\u00dfen,<br \/>\nDoch wieder zu finden auf ihren Kissen.<\/p>\n<p>Bellt mich nur fort, ihr wachen Hunde,<br \/>\nLa\u00dft mich nicht ruh&#8217;n in der Schlummerstunde !<br \/>\nIch bin zu Ende mit allen Tr\u00e4umen.<br \/>\nWas will ich unter den Schl\u00e4fern s\u00e4umen ?<\/p>\n<p><strong>\u00a0<\/strong><\/p>\n<p><strong>18 &#8211; Der st\u00fcrmische Morgen<\/strong><\/p>\n<p>&nbsp;<\/p>\n<p>Wie hat der Sturm zerrissen<br \/>\nDes Himmels graues Kleid !<br \/>\nDie Wolkenfetzen flattern<br \/>\nUmher im matten Streit.<\/p>\n<p>Und rote Feuerflammen<br \/>\nZieh&#8217;n zwischen ihnen hin;<br \/>\nDas nenn&#8217; ich einen Morgen<br \/>\nSo recht nach meinem Sinn !<\/p>\n<p>Mein Herz sieht an dem Himmel<br \/>\nGemalt sein eig&#8217;nes Bild &#8211;<br \/>\nEs ist nichts als der Winter,<br \/>\nDer Winter kalt und wild !<\/p>\n<p><strong>\u00a0<\/strong><\/p>\n<p><strong>19 &#8211; T\u00e4uschung<\/strong><\/p>\n<p>&nbsp;<\/p>\n<p>Ein Licht tanzt freundlich vor mir her,<br \/>\nIch folg&#8217; ihm nach die Kreuz und Quer;<br \/>\nIch folg&#8217; ihm gern und seh&#8217;s ihm an,<br \/>\nDa\u00df es verlockt den Wandersmann.<\/p>\n<p>Ach ! wer wie ich so elend ist,<br \/>\nGibt gern sich hin der bunten List,<br \/>\nDie hinter Eis und Nacht und Graus,<br \/>\nIhm weist ein helles, warmes Haus.<\/p>\n<p>Und eine liebe Seele drin. &#8211;<br \/>\nNur T\u00e4uschung ist f\u00fcr mich Gewinn !<\/p>\n<p><strong>\u00a0<\/strong><\/p>\n<p><strong>20 &#8211; Der Wegweiser<\/strong><\/p>\n<p>&nbsp;<\/p>\n<p>Was vermeid&#8217; ich denn die Wege,<br \/>\nWo die ander&#8217;n Wand&#8217;rer geh&#8217;n,<br \/>\nSuche mir versteckte Stege,<br \/>\nDurch verschneite Felsenh\u00f6h&#8217;n ?<\/p>\n<p>Habe ja doch nichts begangen,<br \/>\nDa\u00df ich Menschen sollte scheu&#8217;n, &#8211;<br \/>\nWelch ein t\u00f6richtes Verlangen<br \/>\nTreibt mich in die W\u00fcstenei&#8217;n ?<\/p>\n<p>Weiser stehen auf den Stra\u00dfen,<br \/>\nWeisen auf die St\u00e4dte zu.<br \/>\nUnd ich wandre sonder Ma\u00dfen<br \/>\nOhne Ruh&#8217; und suche Ruh&#8217;.<\/p>\n<p>Einen Weiser seh&#8217; ich stehen<br \/>\nUnverr\u00fcckt vor meinem Blick;<br \/>\nEine Stra\u00dfe mu\u00df ich gehen,<br \/>\nDie noch keiner ging zur\u00fcck.<\/p>\n<p><strong>\u00a0<\/strong><\/p>\n<p><strong>21 &#8211; Das Wirtshaus<\/strong><\/p>\n<p>&nbsp;<\/p>\n<p>Auf einen Totenacker<br \/>\nHat mich mein Weg gebracht;<br \/>\nAllhier will ich einkehren,<br \/>\nHab ich bei mir gedacht.<\/p>\n<p>Ihr gr\u00fcnen Totenkr\u00e4nze<br \/>\nK\u00f6nnt wohl die Zeichen sein,<br \/>\nDie m\u00fcde Wand&#8217;rer laden<br \/>\nIns k\u00fchle Wirtshaus ein.<\/p>\n<p>Sind denn in diesem Hause<br \/>\nDie Kammern all&#8217; besetzt ?<br \/>\nBin matt zum Niedersinken,<br \/>\nBin t\u00f6dlich schwer verletzt.<\/p>\n<p>O unbarmherz&#8217;ge Schenke,<br \/>\nDoch weisest du mich ab ?<br \/>\nNun weiter denn, nur weiter,<br \/>\nMein treuer Wanderstab !<\/p>\n<p><strong>\u00a0<\/strong><\/p>\n<p><strong>22 &#8211; Mut<\/strong><\/p>\n<p>&nbsp;<\/p>\n<p>Fliegt der Schnee mir ins Gesicht,<br \/>\nSch\u00fcttl&#8217; ich ihn herunter.<br \/>\nWenn mein Herz im Busen spricht,<br \/>\nSing&#8217; ich hell und munter.<\/p>\n<p>H\u00f6re nicht, was es mir sagt,<br \/>\nHabe keine Ohren;<br \/>\nF\u00fchle nicht, was es mir klagt,<br \/>\nKlagen ist f\u00fcr Toren.<\/p>\n<p>Lustig in die Welt hinein<br \/>\nGegen Wind und Wetter !<br \/>\nWill kein Gott auf Erden sein,<br \/>\nSind wir selber G\u00f6tter !<\/p>\n<p><strong>\u00a0<\/strong><\/p>\n<p><strong>\u00a0<\/strong><\/p>\n<p><strong>\u00a0<\/strong><\/p>\n<p><strong>\u00a0<\/strong><\/p>\n<p><strong>23 &#8211; Die Nebensonnen<\/strong><\/p>\n<p>&nbsp;<\/p>\n<p>Drei Sonnen sah ich am Himmel steh&#8217;n,<br \/>\nHab&#8217; lang und fest sie angeseh&#8217;n;<br \/>\nUnd sie auch standen da so stier,<br \/>\nAls wollten sie nicht weg von mir.<\/p>\n<p>Ach, meine Sonnen seid ihr nicht !<br \/>\nSchaut ander&#8217;n doch ins Angesicht !<br \/>\nJa, neulich hatt&#8217; ich auch wohl drei;<br \/>\nNun sind hinab die besten zwei.<\/p>\n<p>Ging nur die dritt&#8217; erst hinterdrein !<br \/>\nIm Dunkel wird mir wohler sein.<\/p>\n<p><strong>\u00a0<\/strong><\/p>\n<p><strong>24 &#8211; Der Leiermann<\/strong><\/p>\n<p>&nbsp;<\/p>\n<p>Dr\u00fcben hinterm Dorfe<br \/>\nSteht ein Leiermann<br \/>\nUnd mit starren Fingern<br \/>\nDreht er was er kann.<\/p>\n<p>Barfu\u00df auf dem Eise<br \/>\nWankt er hin und her<br \/>\nUnd sein kleiner Teller<br \/>\nBleibt ihm immer leer.<\/p>\n<p>Keiner mag ihn h\u00f6ren,<br \/>\nKeiner sieht ihn an,<br \/>\nUnd die Hunde knurren<br \/>\nUm den alten Mann.<\/p>\n<p>Und er l\u00e4\u00dft es gehen,<br \/>\nAlles wie es will,<br \/>\nDreht, und seine Leier<br \/>\nSteht ihm nimmer still.<\/p>\n<p>Wunderlicher Alter !<br \/>\nSoll ich mit dir geh&#8217;n ?<br \/>\nWillst zu meinen Liedern<br \/>\nDeine Leier dreh&#8217;n ?<\/p>\n<p>&nbsp;<\/p>","protected":false},"excerpt":{"rendered":"<p>\u00a0 Winterreise Wilhelm M\u00fcller \u00a0 \u00a0 1 &#8211; Gute Nacht \u00a0 Fremd bin ich eingezogen, Fremd zieh&#8217; ich wieder aus. Der Mai war mir gewogen Mit manchem Blumenstrau\u00df. Das M\u00e4dchen sprach von Liebe, Die Mutter gar von Eh&#8217;, &#8211; Nun ist die Welt so tr\u00fcbe, Der Weg geh\u00fcllt in Schnee. Ich kann zu meiner Reisen [&hellip;]<\/p>\n","protected":false},"author":2,"featured_media":0,"parent":0,"menu_order":0,"comment_status":"closed","ping_status":"closed","template":"","meta":{"footnotes":""},"class_list":["post-1094","page","type-page","status-publish","hentry"],"yoast_head":"<!-- This site is optimized with the Yoast SEO plugin v27.3 - https:\/\/yoast.com\/product\/yoast-seo-wordpress\/ -->\n<title>Winterreise - tekst. - anja cohen | foto&#039;s en teksten<\/title>\n<meta name=\"robots\" content=\"index, follow, max-snippet:-1, max-image-preview:large, max-video-preview:-1\" \/>\n<link rel=\"canonical\" href=\"https:\/\/anjacohen.nl\/en\/winterreise-tekst-2\/\" \/>\n<meta property=\"og:locale\" content=\"en_US\" \/>\n<meta property=\"og:type\" content=\"article\" \/>\n<meta property=\"og:title\" content=\"Winterreise - tekst. - anja cohen | foto&#039;s en teksten\" \/>\n<meta property=\"og:description\" content=\"\u00a0 Winterreise Wilhelm M\u00fcller \u00a0 \u00a0 1 &#8211; Gute Nacht \u00a0 Fremd bin ich eingezogen, Fremd zieh&#8217; ich wieder aus. Der Mai war mir gewogen Mit manchem Blumenstrau\u00df. Das M\u00e4dchen sprach von Liebe, Die Mutter gar von Eh&#8217;, &#8211; Nun ist die Welt so tr\u00fcbe, Der Weg geh\u00fcllt in Schnee. Ich kann zu meiner Reisen [&hellip;]\" \/>\n<meta property=\"og:url\" content=\"https:\/\/anjacohen.nl\/en\/winterreise-tekst-2\/\" \/>\n<meta property=\"og:site_name\" content=\"anja cohen | foto&#039;s en teksten\" \/>\n<meta property=\"article:publisher\" content=\"https:\/\/www.facebook.com\/anja.cohen.5\" \/>\n<meta property=\"article:modified_time\" content=\"2018-10-31T13:02:50+00:00\" \/>\n<meta name=\"twitter:card\" content=\"summary_large_image\" \/>\n<meta name=\"twitter:label1\" content=\"Est. reading time\" \/>\n\t<meta name=\"twitter:data1\" content=\"11 minutes\" \/>\n<script type=\"application\/ld+json\" class=\"yoast-schema-graph\">{\"@context\":\"https:\\\/\\\/schema.org\",\"@graph\":[{\"@type\":\"WebPage\",\"@id\":\"https:\\\/\\\/anjacohen.nl\\\/en\\\/winterreise-tekst-2\\\/\",\"url\":\"https:\\\/\\\/anjacohen.nl\\\/en\\\/winterreise-tekst-2\\\/\",\"name\":\"Winterreise - tekst. - anja cohen | foto&#039;s en teksten\",\"isPartOf\":{\"@id\":\"https:\\\/\\\/anjacohen.nl\\\/nl_nl\\\/#website\"},\"datePublished\":\"2018-10-31T13:02:22+00:00\",\"dateModified\":\"2018-10-31T13:02:50+00:00\",\"breadcrumb\":{\"@id\":\"https:\\\/\\\/anjacohen.nl\\\/en\\\/winterreise-tekst-2\\\/#breadcrumb\"},\"inLanguage\":\"en-US\",\"potentialAction\":[{\"@type\":\"ReadAction\",\"target\":[\"https:\\\/\\\/anjacohen.nl\\\/en\\\/winterreise-tekst-2\\\/\"]}]},{\"@type\":\"BreadcrumbList\",\"@id\":\"https:\\\/\\\/anjacohen.nl\\\/en\\\/winterreise-tekst-2\\\/#breadcrumb\",\"itemListElement\":[{\"@type\":\"ListItem\",\"position\":1,\"name\":\"Home\",\"item\":\"https:\\\/\\\/anjacohen.nl\\\/home\\\/\"},{\"@type\":\"ListItem\",\"position\":2,\"name\":\"Winterreise &#8211; tekst.\"}]},{\"@type\":\"WebSite\",\"@id\":\"https:\\\/\\\/anjacohen.nl\\\/nl_nl\\\/#website\",\"url\":\"https:\\\/\\\/anjacohen.nl\\\/nl_nl\\\/\",\"name\":\"anja cohen | foto's en teksten\",\"description\":\"AnjaCohen.nl\",\"publisher\":{\"@id\":\"https:\\\/\\\/anjacohen.nl\\\/nl_nl\\\/#organization\"},\"potentialAction\":[{\"@type\":\"SearchAction\",\"target\":{\"@type\":\"EntryPoint\",\"urlTemplate\":\"https:\\\/\\\/anjacohen.nl\\\/nl_nl\\\/?s={search_term_string}\"},\"query-input\":{\"@type\":\"PropertyValueSpecification\",\"valueRequired\":true,\"valueName\":\"search_term_string\"}}],\"inLanguage\":\"en-US\"},{\"@type\":\"Organization\",\"@id\":\"https:\\\/\\\/anjacohen.nl\\\/nl_nl\\\/#organization\",\"name\":\"anja cohen | foto's en teksten\",\"url\":\"https:\\\/\\\/anjacohen.nl\\\/nl_nl\\\/\",\"logo\":{\"@type\":\"ImageObject\",\"inLanguage\":\"en-US\",\"@id\":\"https:\\\/\\\/anjacohen.nl\\\/nl_nl\\\/#\\\/schema\\\/logo\\\/image\\\/\",\"url\":\"https:\\\/\\\/anjacohen.nl\\\/wp-content\\\/uploads\\\/2018\\\/08\\\/viaduct-b1-jpeg-kopie-300dpi-1200H.jpg\",\"contentUrl\":\"https:\\\/\\\/anjacohen.nl\\\/wp-content\\\/uploads\\\/2018\\\/08\\\/viaduct-b1-jpeg-kopie-300dpi-1200H.jpg\",\"width\":818,\"height\":1200,\"caption\":\"anja cohen | foto's en teksten\"},\"image\":{\"@id\":\"https:\\\/\\\/anjacohen.nl\\\/nl_nl\\\/#\\\/schema\\\/logo\\\/image\\\/\"},\"sameAs\":[\"https:\\\/\\\/www.facebook.com\\\/anja.cohen.5\",\"https:\\\/\\\/www.instagram.com\\\/anjacohenphotography\\\/\",\"https:\\\/\\\/www.linkedin.com\\\/in\\\/anja-cohen-b0299011\\\/\"]}]}<\/script>\n<!-- \/ Yoast SEO plugin. -->","yoast_head_json":{"title":"Winterreise - tekst. - anja cohen | foto&#039;s en teksten","robots":{"index":"index","follow":"follow","max-snippet":"max-snippet:-1","max-image-preview":"max-image-preview:large","max-video-preview":"max-video-preview:-1"},"canonical":"https:\/\/anjacohen.nl\/en\/winterreise-tekst-2\/","og_locale":"en_US","og_type":"article","og_title":"Winterreise - tekst. - anja cohen | foto&#039;s en teksten","og_description":"\u00a0 Winterreise Wilhelm M\u00fcller \u00a0 \u00a0 1 &#8211; Gute Nacht \u00a0 Fremd bin ich eingezogen, Fremd zieh&#8217; ich wieder aus. Der Mai war mir gewogen Mit manchem Blumenstrau\u00df. Das M\u00e4dchen sprach von Liebe, Die Mutter gar von Eh&#8217;, &#8211; Nun ist die Welt so tr\u00fcbe, Der Weg geh\u00fcllt in Schnee. Ich kann zu meiner Reisen [&hellip;]","og_url":"https:\/\/anjacohen.nl\/en\/winterreise-tekst-2\/","og_site_name":"anja cohen | foto&#039;s en teksten","article_publisher":"https:\/\/www.facebook.com\/anja.cohen.5","article_modified_time":"2018-10-31T13:02:50+00:00","twitter_card":"summary_large_image","twitter_misc":{"Est. reading time":"11 minutes"},"schema":{"@context":"https:\/\/schema.org","@graph":[{"@type":"WebPage","@id":"https:\/\/anjacohen.nl\/en\/winterreise-tekst-2\/","url":"https:\/\/anjacohen.nl\/en\/winterreise-tekst-2\/","name":"Winterreise - tekst. - anja cohen | foto&#039;s en teksten","isPartOf":{"@id":"https:\/\/anjacohen.nl\/nl_nl\/#website"},"datePublished":"2018-10-31T13:02:22+00:00","dateModified":"2018-10-31T13:02:50+00:00","breadcrumb":{"@id":"https:\/\/anjacohen.nl\/en\/winterreise-tekst-2\/#breadcrumb"},"inLanguage":"en-US","potentialAction":[{"@type":"ReadAction","target":["https:\/\/anjacohen.nl\/en\/winterreise-tekst-2\/"]}]},{"@type":"BreadcrumbList","@id":"https:\/\/anjacohen.nl\/en\/winterreise-tekst-2\/#breadcrumb","itemListElement":[{"@type":"ListItem","position":1,"name":"Home","item":"https:\/\/anjacohen.nl\/home\/"},{"@type":"ListItem","position":2,"name":"Winterreise &#8211; tekst."}]},{"@type":"WebSite","@id":"https:\/\/anjacohen.nl\/nl_nl\/#website","url":"https:\/\/anjacohen.nl\/nl_nl\/","name":"anja cohen | foto's en teksten","description":"AnjaCohen.nl","publisher":{"@id":"https:\/\/anjacohen.nl\/nl_nl\/#organization"},"potentialAction":[{"@type":"SearchAction","target":{"@type":"EntryPoint","urlTemplate":"https:\/\/anjacohen.nl\/nl_nl\/?s={search_term_string}"},"query-input":{"@type":"PropertyValueSpecification","valueRequired":true,"valueName":"search_term_string"}}],"inLanguage":"en-US"},{"@type":"Organization","@id":"https:\/\/anjacohen.nl\/nl_nl\/#organization","name":"anja cohen | foto's en teksten","url":"https:\/\/anjacohen.nl\/nl_nl\/","logo":{"@type":"ImageObject","inLanguage":"en-US","@id":"https:\/\/anjacohen.nl\/nl_nl\/#\/schema\/logo\/image\/","url":"https:\/\/anjacohen.nl\/wp-content\/uploads\/2018\/08\/viaduct-b1-jpeg-kopie-300dpi-1200H.jpg","contentUrl":"https:\/\/anjacohen.nl\/wp-content\/uploads\/2018\/08\/viaduct-b1-jpeg-kopie-300dpi-1200H.jpg","width":818,"height":1200,"caption":"anja cohen | foto's en teksten"},"image":{"@id":"https:\/\/anjacohen.nl\/nl_nl\/#\/schema\/logo\/image\/"},"sameAs":["https:\/\/www.facebook.com\/anja.cohen.5","https:\/\/www.instagram.com\/anjacohenphotography\/","https:\/\/www.linkedin.com\/in\/anja-cohen-b0299011\/"]}]}},"_links":{"self":[{"href":"https:\/\/anjacohen.nl\/en\/wp-json\/wp\/v2\/pages\/1094","targetHints":{"allow":["GET"]}}],"collection":[{"href":"https:\/\/anjacohen.nl\/en\/wp-json\/wp\/v2\/pages"}],"about":[{"href":"https:\/\/anjacohen.nl\/en\/wp-json\/wp\/v2\/types\/page"}],"author":[{"embeddable":true,"href":"https:\/\/anjacohen.nl\/en\/wp-json\/wp\/v2\/users\/2"}],"replies":[{"embeddable":true,"href":"https:\/\/anjacohen.nl\/en\/wp-json\/wp\/v2\/comments?post=1094"}],"version-history":[{"count":2,"href":"https:\/\/anjacohen.nl\/en\/wp-json\/wp\/v2\/pages\/1094\/revisions"}],"predecessor-version":[{"id":1344,"href":"https:\/\/anjacohen.nl\/en\/wp-json\/wp\/v2\/pages\/1094\/revisions\/1344"}],"wp:attachment":[{"href":"https:\/\/anjacohen.nl\/en\/wp-json\/wp\/v2\/media?parent=1094"}],"curies":[{"name":"wp","href":"https:\/\/api.w.org\/{rel}","templated":true}]}}